{"id":13,"date":"2020-05-06T12:44:22","date_gmt":"2020-05-06T10:44:22","guid":{"rendered":"http:\/\/info55kreatywna.dfirma.pl\/index.php\/menu-catering-garmaz\/"},"modified":"2024-09-10T16:27:35","modified_gmt":"2024-09-10T14:27:35","slug":"menu-catering-garmaz","status":"publish","type":"page","link":"http:\/\/kreatywna-kuchnia.pl\/index.php\/menu-catering-garmaz\/","title":{"rendered":"Menu Catering \/ Garma\u017c"},"content":{"rendered":"<p>[et_pb_section fb_built=&#8221;1&#8243; admin_label=&#8221;section&#8221; _builder_version=&#8221;3.22&#8243;][et_pb_row admin_label=&#8221;row&#8221; _builder_version=&#8221;3.25&#8243; background_size=&#8221;initial&#8221; background_position=&#8221;top_left&#8221; background_repeat=&#8221;repeat&#8221;][et_pb_column type=&#8221;4_4&#8243; _builder_version=&#8221;3.25&#8243; custom_padding=&#8221;|||&#8221; custom_padding__hover=&#8221;|||&#8221;][et_pb_text admin_label=&#8221;Text&#8221; _builder_version=&#8221;4.4.2&#8243; background_size=&#8221;initial&#8221; background_position=&#8221;top_left&#8221; background_repeat=&#8221;repeat&#8221; hover_enabled=&#8221;0&#8243;]<\/p>\n<h3 style=\"text-align: center;\">Menu Catering Garma\u017c<\/h3>\n<h3 style=\"text-align: center;\"><span>Minimalna ilo\u015b\u0107 porcji przy ka\u017cdej pozycji w menu to 10 porcji .<\/span><\/h3>\n<p><img src=\"http:\/\/kreatywna-kuchnia.pl\/wp-content\/uploads\/2024\/09\/menu_net_2023_page-00012-724x1024.jpg\" width=\"724\" height=\"1024\" alt=\"\" class=\"wp-image-32542 alignnone size-large\" \/><\/p>\n<p>[\/et_pb_text][\/et_pb_column][\/et_pb_row][\/et_pb_section]<\/p>\n","protected":false},"excerpt":{"rendered":"<p>[et_pb_section fb_built=&#8221;1&#8243; admin_label=&#8221;section&#8221; _builder_version=&#8221;3.22&#8243;][et_pb_row admin_label=&#8221;row&#8221; _builder_version=&#8221;3.25&#8243; background_size=&#8221;initial&#8221; background_position=&#8221;top_left&#8221; background_repeat=&#8221;repeat&#8221;][et_pb_column type=&#8221;4_4&#8243; _builder_version=&#8221;3.25&#8243; custom_padding=&#8221;|||&#8221; custom_padding__hover=&#8221;|||&#8221;][et_pb_text admin_label=&#8221;Text&#8221; _builder_version=&#8221;4.4.2&#8243; background_size=&#8221;initial&#8221; background_position=&#8221;top_left&#8221; background_repeat=&#8221;repeat&#8221; hover_enabled=&#8221;0&#8243;] Menu Catering Garma\u017c Minimalna ilo\u015b\u0107 porcji przy ka\u017cdej pozycji w menu to 10 porcji . [\/et_pb_text][\/et_pb_column][\/et_pb_row][\/et_pb_section]<\/p>\n","protected":false},"author":1,"featured_media":0,"parent":0,"menu_order":0,"comment_status":"closed","ping_status":"closed","template":"","meta":{"_et_pb_use_builder":"on","_et_pb_old_content":"Menu Catering Garma\u017c\r\n\r\n<img class=\"alignnone size-large wp-image-32524\" src=\"http:\/\/kreatywna-kuchnia.pl\/wp-content\/uploads\/2024\/02\/menu_net_2023_page-00012-724x1024.jpg\" alt=\"\" width=\"724\" height=\"1024\" \/>","_et_gb_content_width":"","_monsterinsights_skip_tracking":false,"_monsterinsights_sitenote_active":false,"_monsterinsights_sitenote_note":"","_monsterinsights_sitenote_category":0},"yst_prominent_words":[],"_links":{"self":[{"href":"http:\/\/kreatywna-kuchnia.pl\/index.php\/wp-json\/wp\/v2\/pages\/13"}],"collection":[{"href":"http:\/\/kreatywna-kuchnia.pl\/index.php\/wp-json\/wp\/v2\/pages"}],"about":[{"href":"http:\/\/kreatywna-kuchnia.pl\/index.php\/wp-json\/wp\/v2\/types\/page"}],"author":[{"embeddable":true,"href":"http:\/\/kreatywna-kuchnia.pl\/index.php\/wp-json\/wp\/v2\/users\/1"}],"replies":[{"embeddable":true,"href":"http:\/\/kreatywna-kuchnia.pl\/index.php\/wp-json\/wp\/v2\/comments?post=13"}],"version-history":[{"count":21,"href":"http:\/\/kreatywna-kuchnia.pl\/index.php\/wp-json\/wp\/v2\/pages\/13\/revisions"}],"predecessor-version":[{"id":32544,"href":"http:\/\/kreatywna-kuchnia.pl\/index.php\/wp-json\/wp\/v2\/pages\/13\/revisions\/32544"}],"wp:attachment":[{"href":"http:\/\/kreatywna-kuchnia.pl\/index.php\/wp-json\/wp\/v2\/media?parent=13"}],"wp:term":[{"taxonomy":"yst_prominent_words","embeddable":true,"href":"http:\/\/kreatywna-kuchnia.pl\/index.php\/wp-json\/wp\/v2\/yst_prominent_words?post=13"}],"curies":[{"name":"wp","href":"https:\/\/api.w.org\/{rel}","templated":true}]}}